{"id":22,"date":"2016-09-13T13:16:53","date_gmt":"2016-09-13T13:16:53","guid":{"rendered":"http:\/\/localhost\/Themes\/2017\/Vision\/Website_WP\/index.php\/projects\/"},"modified":"2021-01-06T16:16:47","modified_gmt":"2021-01-06T16:16:47","slug":"projects","status":"publish","type":"page","link":"https:\/\/drbraun.org\/?page_id=22","title":{"rendered":"Kompetenz"},"content":{"rendered":"<h1>Kompetente Beratung<\/h1>\n<div>\n<p>Die pers\u00f6nliche, engagierte und kompetente Betreuung der Mandate und Mandanten steht f\u00fcr mich im Mittelpunkt.<\/p>\n<\/div>\n<h1>T\u00e4tigkeitsgebiete (insbesondere)<\/h1>\n<ul>\n<li>\n<h3>Arztrecht<\/h3>\n<div>\n<div>\n<div id=\"down5\" class=\"item_panel\">\n<ul>\n<li id=\"d7\" class=\"item\">Zivilrechtliche und strafrechtliche Haftung<\/li>\n<li id=\"d11\" class=\"item\">Vertrags- und Gesellschaftsrecht der Heilberufe<\/li>\n<li>Kassenarztrecht<\/li>\n<li>\u00c4rztliches Berufsrecht<\/li>\n<\/ul>\n<\/div>\n<\/div>\n<\/div>\n<p><a href=\"#\">Read more<\/a><\/p>\n<\/li>\n<li>\n<h3>Baurecht<\/h3>\n<div>\n<div>\n<ul>\n<li id=\"d14\" class=\"item\">Bauvertr\u00e4ge, Bautr\u00e4ger, VOB\/B<\/li>\n<li>Vergaberecht, Ausschreibungen<\/li>\n<li id=\"down7\" class=\"item_panel\">Architekten- und Ingenieurrecht<\/li>\n<li id=\"down8\" class=\"menu\">\u00d6ffentliches Baurecht (s. auch Verwaltungsrecht)<\/li>\n<\/ul>\n<div id=\"down9\" class=\"item_panel\">\u00a0<\/div>\n<\/div>\n<\/div>\n<p><a href=\"#\">Read more<\/a><\/p>\n<\/li>\n<li>\n<h3>Erbrecht<\/h3>\n<div>\n<div>\n<div id=\"down9\" class=\"item_panel\">\n<ul>\n<li>Testamentsrecht, <br \/>Testamentsvollstrecker<\/li>\n<li>Erbvertragsrecht, <br \/>Gemeinschaftliches Testament<\/li>\n<li>Pflichtteilsrecht, <br \/>Verm\u00e4chtnisse<\/li>\n<li>Vorsorgevollmacht, <br \/>Patientenverf\u00fcgung<\/li>\n<\/ul>\n<\/div>\n<div id=\"down13\" class=\"item_panel\">\u00a0<\/div>\n<\/div>\n<\/div>\n<p><a href=\"#\">Read more<\/a><\/p>\n<\/li>\n<li>\n<h3>Grundst\u00fccks- und Immobilienrecht<\/h3>\n<div>\n<ul>\n<li>Notarieller Kaufvertag, Nie\u00dfbrauchsrecht<\/li>\n<li>Wohnungseigentumsrecht (WEG)<\/li>\n<li>Erbbaurecht<\/li>\n<li>Maklerrecht<\/li>\n<\/ul>\n<\/div>\n<\/li>\n<li>\n<h3>Haftungsrecht<\/h3>\n<div>\n<ul>\n<li>Vertragliche Haftung und Schaden<\/li>\n<li>Verkehrsunf\u00e4lle, Verkehrssicherungspflichten<\/li>\n<li>Versicherungen (Haftpflicht, Rechtsschutz u.a.)<\/li>\n<li>Amtshaftung, Staatshaftung<\/li>\n<\/ul>\n<\/div>\n<p><a href=\"#\">Read more<\/a><\/p>\n<\/li>\n<li>\n<h3>Mietrecht<\/h3>\n<div>\n<div>\n<ul>\n<li id=\"d32\" class=\"item\">Wohnungsmietrecht<\/li>\n<li id=\"down21\" class=\"item_panel\">\n<div id=\"d33\" class=\"item\">Gewerbliches Mietrecht<\/div>\n<\/li>\n<li>K\u00fcndigung<\/li>\n<li>R\u00e4umung<\/li>\n<\/ul>\n<\/div>\n<\/div>\n<p><a href=\"#\">Read more<\/a><\/p>\n<\/li>\n<li>\n<h3>Nachbarrecht<\/h3>\n<div>\n<ul>\n<li>\u00dcberbau, Grenzmauer, Kommunmauer<\/li>\n<li>Grenzbepflanzung, \u00dcberhang, Einfriedungen<\/li>\n<li>Immissionen<\/li>\n<li>\n<div id=\"d38\" class=\"item\">Schlichtungsverfahren<\/div>\n<\/li>\n<\/ul>\n<\/div>\n<p><a href=\"#\">Read more<\/a><\/p>\n<\/li>\n<li>\n<h3>Strafrecht | OWi<\/h3>\n<div>\n<p>Bei vielen Rechtsgebieten steht auch die Verletzung von Strafvorschriften<br \/>und Ordnungswidrigkeiten im Raum. Die Vertretung als Verteidiger ist Teil meiner umfassenden Betreuung.<\/p>\n<ul>\n<li style=\"list-style-type: none;\">\u00a0<\/li>\n<\/ul>\n<\/div>\n<p><a href=\"#\">Read more<\/a><\/p>\n<\/li>\n<li>\n<h3>Versicherungsrecht<\/h3>\n<div>\n<ul>\n<li id=\"d42\" class=\"item\">Haftpflichtversicherung<\/li>\n<li id=\"d43\" class=\"item\">Unfallversicherung<\/li>\n<li>Hausversicherung<\/li>\n<li>Rechtsschutzversicherung<\/li>\n<\/ul>\n<\/div>\n<p><a href=\"#\">Read more<\/a><\/p>\n<\/li>\n<li>\n<h3>Vertragsrecht<\/h3>\n<div>\n<ul>\n<li id=\"d45\" class=\"item\">Kaufvertrag, Arbeitsvertrag u.a.<\/li>\n<li id=\"d46\" class=\"item\">Werkvertrag, Gew\u00e4hrleistung<\/li>\n<li>Haftung, Schadensersatz<\/li>\n<li>Verj\u00e4hrung<\/li>\n<\/ul>\n<\/div>\n<p><a href=\"#\">Read more<\/a><\/p>\n<\/li>\n<li>\n<h3>Allgemeines Verwaltungsrecht<\/h3>\n<div>\n<ul>\n<li id=\"d50\" class=\"item\">Abgabenrecht (Erschlie\u00dfungsbeitrag u.a.)<\/li>\n<li id=\"d53\" class=\"item\">\u00d6ffentliches Baurecht<\/li>\n<li>Enteigungsrecht<\/li>\n<li id=\"d54\" class=\"item\">\u00d6ffentliches Dienstrecht (Beamtenrecht, Disziplinarverfahren, Soldatenrecht)<\/li>\n<li>Verfassungsrecht (Verfassungsbeschwerde)<\/li>\n<\/ul>\n<\/div>\n<p><a href=\"#\">Read more<\/a><\/p>\n<\/li>\n<li>\n<h3>Besonderes Verwaltungsrecht<\/h3>\n<div>\n<ul>\n<li id=\"d55\" class=\"item\">Schul- und Hochschulrecht (Pr\u00fcfungsrecht, Promotions- und Habilitationsrecht)<\/li>\n<li id=\"d56\" class=\"item\">Umweltrecht<\/li>\n<li>Verwaltungsprozessrecht (Normenkontrollverfahren gem. \u00a7 47 VwGO gegen Bebauungspl\u00e4ne, Infektionsschutzgesetz u.a.)<\/li>\n<li id=\"d57\" class=\"item\">Wirtschaftsverwaltungsrecht (Gewerbe-, Gastst\u00e4tten-, Lebensmittelrecht u.a.)<\/li>\n<\/ul>\n<\/div>\n<\/li>\n<\/ul>\n<h3>Ihr Berater<\/h3>\n<div>\n<p>    <img src=\"wp-content\/uploads\/60F0D9CD-CF0D-4164-B98F-747DB2140183.jpeg\" alt=\"\"><\/p>\n<h5>Dr. Alfred Braun<\/h5>\n<p>Rechtsanwalt<\/p>\n<p><a href=\"index.php?page_id=24\">Kontakt<\/a><\/p>\n<\/div>\n<p><!-- {\"name\":\"Services\",\"type\":\"layout\",\"children\":[{\"name\":\"Hero\",\"type\":\"section\",\"props\":{\"width\":\"small\",\"padding\":\"large\",\"style\":\"default\",\"header_overlay\":\"\",\"animation\":\"fade\",\"text_color\":\"light\",\"media\":\"\",\"image_size\":\"cover\",\"padding_remove_bottom\":false,\"vertical_align\":\"middle\",\"title_position\":\"top-left\",\"title_rotation\":\"left\",\"title_breakpoint\":\"xl\",\"image_position\":\"center-center\",\"video\":\"wp-content\\\/uploads\\\/services-hero-video.mp4\",\"overlap\":false,\"media_background\":\"#2945a4\",\"media_blend_mode\":\"multiply\",\"height\":\"\",\"media_overlay\":\"rgba(30, 54, 132, 0.61)\",\"css\":\"\",\"animation_delay\":true,\"video_fallback\":\"\",\"image_effect\":\"\",\"width_expand\":\"\",\"header_transparent\":\"\"},\"children\":[{\"name\":\"\",\"type\":\"row\",\"props\":{\"layout\":\"1-1\",\"fixed_width\":\"large\",\"breakpoint\":\"m\",\"width\":\"\",\"column_gap\":\"small\",\"row_gap\":\"small\"},\"children\":[{\"name\":\"\",\"type\":\"column\",\"props\":{\"image_position\":\"center-center\",\"style\":\"\",\"text_color\":\"light\",\"media_overlay_gradient\":\"\"},\"children\":[{\"name\":\"\",\"type\":\"headline\",\"props\":{\"title_element\":\"h1\",\"content\":\"Kompetente Beratung\",\"maxwidth\":\"large\",\"text_align\":\"left\",\"text_align_breakpoint\":\"s\",\"text_align_fallback\":\"center\",\"title_style\":\"\",\"title_decoration\":\"\",\"title_font_family\":\"\",\"title_color\":\"\",\"position\":\"\",\"position_z_index\":\"\",\"margin\":\"\",\"maxwidth_breakpoint\":\"\",\"block_align\":\"\",\"block_align_breakpoint\":\"\",\"block_align_fallback\":\"\",\"animation\":\"\",\"visibility\":\"\"}},{\"name\":\"\",\"type\":\"text\",\"props\":{\"margin\":\"default\",\"column_breakpoint\":\"m\",\"content\":\"\n\n<p>Die pers\\u00f6nliche, engagierte und kompetente Betreuung der Mandate und Mandanten steht f\\u00fcr mich im Mittelpunkt.<\\\/p>\",\"maxwidth\":\"large\",\"text_size\":\"large\",\"text_align\":\"left\",\"text_align_breakpoint\":\"s\",\"text_align_fallback\":\"center\",\"text_style\":\"\",\"text_color\":\"\",\"column\":\"\",\"position\":\"\",\"position_z_index\":\"\",\"maxwidth_breakpoint\":\"\",\"block_align\":\"\",\"block_align_breakpoint\":\"\",\"block_align_fallback\":\"\",\"animation\":\"\",\"visibility\":\"\"}}]}]}]},{\"name\":\"Legal services\",\"type\":\"section\",\"props\":{\"style\":\"default\",\"width\":\"default\",\"vertical_align\":\"middle\",\"title_position\":\"top-left\",\"title_rotation\":\"left\",\"title_breakpoint\":\"xl\",\"image_position\":\"center-center\",\"padding\":\"\",\"animation\":\"\",\"animation_delay\":false,\"image_effect\":\"\"},\"children\":[{\"name\":\"\",\"type\":\"row\",\"props\":{\"fixed_width\":\"large\",\"breakpoint\":\"m\",\"layout\":\"1-1\",\"margin\":\"default\",\"column_gap\":\"\",\"row_gap\":\"\"},\"children\":[{\"name\":\"\",\"type\":\"column\",\"props\":{\"image_position\":\"center-center\",\"media_overlay_gradient\":\"\"},\"children\":[{\"name\":\"\",\"type\":\"headline\",\"props\":{\"title_element\":\"h1\",\"content\":\"T\\u00e4tigkeitsgebiete (insbesondere)\",\"title_decoration\":\"bullet\",\"title_style\":\"h2\",\"title_font_family\":\"\",\"title_color\":\"\",\"position\":\"\",\"position_z_index\":\"\",\"margin\":\"\",\"maxwidth\":\"\",\"maxwidth_breakpoint\":\"\",\"block_align\":\"\",\"block_align_breakpoint\":\"\",\"block_align_fallback\":\"\",\"text_align\":\"\",\"text_align_breakpoint\":\"\",\"text_align_fallback\":\"\",\"animation\":\"\",\"visibility\":\"\"}}]}]},{\"name\":\"\",\"type\":\"row\",\"props\":{\"fixed_width\":\"large\",\"breakpoint\":\"m\",\"layout\":\"1-1\",\"margin\":\"large\"},\"children\":[{\"name\":\"\",\"type\":\"column\",\"props\":{\"image_position\":\"center-center\",\"media_overlay_gradient\":\"\"},\"children\":[{\"name\":\"\",\"type\":\"grid\",\"props\":{\"show_title\":true,\"show_meta\":true,\"show_content\":true,\"show_image\":true,\"show_link\":true,\"grid_default\":\"1\",\"grid_medium\":\"3\",\"title_element\":\"h3\",\"meta_style\":\"meta\",\"meta_align\":\"below-title\",\"icon_ratio\":4,\"image_align\":\"top\",\"image_grid_width\":\"1-2\",\"link_text\":\"Read more\",\"link_style\":\"default\",\"margin\":\"default\",\"panel_style\":\"card-secondary\",\"link_size\":\"large\",\"panel_size\":\"large\",\"content_style\":\"\",\"grid_small\":\"2\",\"filter_style\":\"tab\",\"filter_all\":true,\"filter_position\":\"top\",\"filter_align\":\"left\",\"filter_grid_width\":\"auto\",\"image_svg_color\":\"emphasis\",\"item_animation\":\"\",\"link_type\":\"element\",\"grid_column_gap\":\"medium\",\"grid_row_gap\":\"medium\",\"grid_divider\":false,\"filter_grid_breakpoint\":\"m\",\"image_grid_breakpoint\":\"m\",\"title_hover_style\":\"reset\",\"title_align\":\"top\",\"title_grid_width\":\"1-2\",\"title_grid_breakpoint\":\"m\",\"grid_large\":\"\",\"grid_xlarge\":\"\",\"filter_margin\":\"\",\"filter_grid_column_gap\":\"\",\"filter_grid_row_gap\":\"\",\"title_display\":\"\",\"content_display\":\"\",\"panel_content_padding\":\"\",\"item_maxwidth\":\"\",\"title_style\":\"\",\"title_decoration\":\"\",\"title_font_family\":\"\",\"title_color\":\"\",\"title_grid_column_gap\":\"\",\"title_grid_row_gap\":\"\",\"title_margin\":\"\",\"meta_color\":\"\",\"meta_margin\":\"\",\"content_margin\":\"\",\"image_transition\":\"\",\"image_border\":\"\",\"image_box_shadow\":\"\",\"image_hover_box_shadow\":\"\",\"image_box_decoration\":\"\",\"icon_color\":\"\",\"image_grid_column_gap\":\"\",\"image_grid_row_gap\":\"\",\"image_margin\":\"\",\"link_margin\":\"\",\"position\":\"\",\"position_z_index\":\"\",\"maxwidth\":\"\",\"maxwidth_breakpoint\":\"\",\"block_align\":\"\",\"block_align_breakpoint\":\"\",\"block_align_fallback\":\"\",\"text_align\":\"\",\"text_align_breakpoint\":\"\",\"text_align_fallback\":\"\",\"visibility\":\"\"},\"children\":[{\"name\":\"\",\"type\":\"grid_item\",\"props\":{\"title\":\"Arztrecht\",\"content\":\"\n\n<div>\\n\n\n<div id=\\\"down5\\\" class=\\\"item_panel\\\">\\n\n\n<ul>\\n\n\n<li id=\\\"d7\\\" class=\\\"item\\\">Zivilrechtliche und strafrechtliche Haftung<\\\/li>\\n\n\n<li id=\\\"d11\\\" class=\\\"item\\\">Vertrags- und Gesellschaftsrecht der Heilberufe<\\\/li>\\n\n\n<li>Kassenarztrecht<\\\/li>\\n\n\n<li>\\u00c4rztliches Berufsrecht<\\\/li>\\n<\\\/ul>\\n<\\\/div>\\n<\\\/div>\",\"icon\":\"\",\"link\":\"#\"}},{\"name\":\"\",\"type\":\"grid_item\",\"props\":{\"title\":\"Baurecht\",\"content\":\"\n\n<div>\\n\n\n<ul>\\n\n\n<li id=\\\"d14\\\" class=\\\"item\\\">Bauvertr\\u00e4ge, Bautr\\u00e4ger, VOB\\\/B<\\\/li>\\n\n\n<li>Vergaberecht, Ausschreibungen<\\\/li>\\n\n\n<li id=\\\"down7\\\" class=\\\"item_panel\\\">Architekten- und Ingenieurrecht<\\\/li>\\n\n\n<li id=\\\"down8\\\" class=\\\"menu\\\">\\u00d6ffentliches Baurecht (s. auch Verwaltungsrecht)<\\\/li>\\n<\\\/ul>\\n\n\n<div id=\\\"down9\\\" class=\\\"item_panel\\\">\\u00a0<\\\/div>\\n<\\\/div>\",\"icon\":\"\",\"link\":\"#\"}},{\"name\":\"\",\"type\":\"grid_item\",\"props\":{\"title\":\"Erbrecht\",\"content\":\"\n\n<div>\\n\n\n<div id=\\\"down9\\\" class=\\\"item_panel\\\">\\n\n\n<ul>\\n\n\n<li>Testamentsrecht, <br \\\/>Testamentsvollstrecker<\\\/li>\\n\n\n<li>Erbvertragsrecht, <br \\\/>Gemeinschaftliches Testament<\\\/li>\\n\n\n<li>Pflichtteilsrecht, <br \\\/>Verm\\u00e4chtnisse<\\\/li>\\n\n\n<li>Vorsorgevollmacht, <br \\\/>Patientenverf\\u00fcgung<\\\/li>\\n<\\\/ul>\\n<\\\/div>\\n\n\n<div id=\\\"down13\\\" class=\\\"item_panel\\\">\\u00a0<\\\/div>\\n<\\\/div>\",\"icon\":\"\",\"link\":\"#\"}},{\"type\":\"grid_item\",\"props\":{\"title\":\"Grundst\\u00fccks- und Immobilienrecht\",\"content\":\"\n\n<ul>\\n\n\n<li>Notarieller Kaufvertag, Nie\\u00dfbrauchsrecht<\\\/li>\\n\n\n<li>Wohnungseigentumsrecht (WEG)<\\\/li>\\n\n\n<li>Erbbaurecht<\\\/li>\\n\n\n<li>Maklerrecht<\\\/li>\\n<\\\/ul>\"}},{\"name\":\"\",\"type\":\"grid_item\",\"props\":{\"title\":\"Haftungsrecht\",\"content\":\"\n\n<ul>\\n\n\n<li>Vertragliche Haftung und Schaden<\\\/li>\\n\n\n<li>Verkehrsunf\\u00e4lle, Verkehrssicherungspflichten<\\\/li>\\n\n\n<li>Versicherungen (Haftpflicht, Rechtsschutz u.a.)<\\\/li>\\n\n\n<li>Amtshaftung, Staatshaftung<\\\/li>\\n<\\\/ul>\",\"icon\":\"\",\"link\":\"#\"}},{\"name\":\"\",\"type\":\"grid_item\",\"props\":{\"title\":\"Mietrecht\",\"content\":\"\n\n<div>\\n\n\n<ul>\\n\n\n<li id=\\\"d32\\\" class=\\\"item\\\">Wohnungsmietrecht<\\\/li>\\n\n\n<li id=\\\"down21\\\" class=\\\"item_panel\\\">\\n\n\n<div id=\\\"d33\\\" class=\\\"item\\\">Gewerbliches Mietrecht<\\\/div>\\n<\\\/li>\\n\n\n<li>K\\u00fcndigung<\\\/li>\\n\n\n<li>R\\u00e4umung<\\\/li>\\n<\\\/ul>\\n<\\\/div>\",\"icon\":\"\",\"link\":\"#\"}},{\"name\":\"\",\"type\":\"grid_item\",\"props\":{\"title\":\"Nachbarrecht\",\"content\":\"\n\n<ul>\\n\n\n<li>\\u00dcberbau, Grenzmauer, Kommunmauer<\\\/li>\\n\n\n<li>Grenzbepflanzung, \\u00dcberhang, Einfriedungen<\\\/li>\\n\n\n<li>Immissionen<\\\/li>\\n\n\n<li>\\n\n\n<div id=\\\"d38\\\" class=\\\"item\\\">Schlichtungsverfahren<\\\/div>\\n<\\\/li>\\n<\\\/ul>\",\"icon\":\"\",\"link\":\"#\"}},{\"name\":\"\",\"type\":\"grid_item\",\"props\":{\"title\":\"Strafrecht | OWi\",\"content\":\"\n\n<p>Bei vielen Rechtsgebieten steht auch die Verletzung von Strafvorschriften<br \\\/>und Ordnungswidrigkeiten im Raum. Die Vertretung als Verteidiger ist Teil meiner umfassenden Betreuung.<\\\/p>\\n\n\n<ul>\\n\n\n<li style=\\\"list-style-type: none;\\\">\\u00a0<\\\/li>\\n<\\\/ul>\",\"icon\":\"\",\"link\":\"#\"}},{\"name\":\"\",\"type\":\"grid_item\",\"props\":{\"title\":\"Versicherungsrecht\",\"content\":\"\n\n<ul>\\n\n\n<li id=\\\"d42\\\" class=\\\"item\\\">Haftpflichtversicherung<\\\/li>\\n\n\n<li id=\\\"d43\\\" class=\\\"item\\\">Unfallversicherung<\\\/li>\\n\n\n<li>Hausversicherung<\\\/li>\\n\n\n<li>Rechtsschutzversicherung<\\\/li>\\n<\\\/ul>\",\"icon\":\"\",\"link\":\"#\"}},{\"name\":\"\",\"type\":\"grid_item\",\"props\":{\"title\":\"Vertragsrecht\",\"content\":\"\n\n<ul>\\n\n\n<li id=\\\"d45\\\" class=\\\"item\\\">Kaufvertrag, Arbeitsvertrag u.a.<\\\/li>\\n\n\n<li id=\\\"d46\\\" class=\\\"item\\\">Werkvertrag, Gew\\u00e4hrleistung<\\\/li>\\n\n\n<li>Haftung, Schadensersatz<\\\/li>\\n\n\n<li>Verj\\u00e4hrung<\\\/li>\\n<\\\/ul>\",\"icon\":\"\",\"link\":\"#\"}},{\"name\":\"\",\"type\":\"grid_item\",\"props\":{\"title\":\"Allgemeines Verwaltungsrecht\",\"content\":\"\n\n<ul>\\n\n\n<li id=\\\"d50\\\" class=\\\"item\\\">Abgabenrecht (Erschlie\\u00dfungsbeitrag u.a.)<\\\/li>\\n\n\n<li id=\\\"d53\\\" class=\\\"item\\\">\\u00d6ffentliches Baurecht<\\\/li>\\n\n\n<li>Enteigungsrecht<\\\/li>\\n\n\n<li id=\\\"d54\\\" class=\\\"item\\\">\\u00d6ffentliches Dienstrecht (Beamtenrecht, Disziplinarverfahren, Soldatenrecht)<\\\/li>\\n\n\n<li>Verfassungsrecht (Verfassungsbeschwerde)<\\\/li>\\n<\\\/ul>\",\"icon\":\"\",\"link\":\"#\"}},{\"type\":\"grid_item\",\"props\":{\"title\":\"Besonderes Verwaltungsrecht\",\"content\":\"\n\n<ul>\\n\n\n<li id=\\\"d55\\\" class=\\\"item\\\">Schul- und Hochschulrecht (Pr\\u00fcfungsrecht, Promotions- und Habilitationsrecht)<\\\/li>\\n\n\n<li id=\\\"d56\\\" class=\\\"item\\\">Umweltrecht<\\\/li>\\n\n\n<li>Verwaltungsprozessrecht (Normenkontrollverfahren gem. \\u00a7 47 VwGO gegen Bebauungspl\\u00e4ne, Infektionsschutzgesetz u.a.)<\\\/li>\\n\n\n<li id=\\\"d57\\\" class=\\\"item\\\">Wirtschaftsverwaltungsrecht (Gewerbe-, Gastst\\u00e4tten-, Lebensmittelrecht u.a.)<\\\/li>\\n<\\\/ul>\"}}]}]}]}]},{\"name\":\"Your consultants\",\"type\":\"section\",\"props\":{\"style\":\"default\",\"width\":\"default\",\"vertical_align\":\"middle\",\"title_position\":\"top-left\",\"title_rotation\":\"left\",\"title_breakpoint\":\"xl\",\"image_position\":\"center-center\",\"padding\":\"\",\"animation\":\"fade\",\"animation_delay\":true,\"image_effect\":\"\"},\"children\":[{\"name\":\"\",\"type\":\"row\",\"props\":{\"fixed_width\":\"large\",\"breakpoint\":\"m\",\"layout\":\"1-1\"},\"children\":[{\"name\":\"\",\"type\":\"column\",\"props\":{\"image_position\":\"center-center\",\"media_overlay_gradient\":\"\"},\"children\":[{\"name\":\"\",\"type\":\"headline\",\"props\":{\"title_element\":\"h3\",\"content\":\"Ihr Berater\",\"title_decoration\":\"bullet\",\"title_style\":\"\",\"title_font_family\":\"\",\"title_color\":\"\",\"position\":\"\",\"position_z_index\":\"\",\"margin\":\"\",\"maxwidth\":\"\",\"maxwidth_breakpoint\":\"\",\"block_align\":\"\",\"block_align_breakpoint\":\"\",\"block_align_fallback\":\"\",\"text_align\":\"\",\"text_align_breakpoint\":\"\",\"text_align_fallback\":\"\",\"animation\":\"\",\"visibility\":\"\"}}]}]},{\"name\":\"\",\"type\":\"row\",\"props\":{\"fixed_width\":\"large\",\"breakpoint\":\"m\",\"layout\":\"1-1\"},\"children\":[{\"name\":\"\",\"type\":\"column\",\"props\":{\"image_position\":\"center-center\",\"media_overlay_gradient\":\"\"},\"children\":[{\"name\":\"\",\"type\":\"grid\",\"props\":{\"show_title\":true,\"show_meta\":true,\"show_content\":true,\"show_image\":true,\"show_link\":true,\"grid_default\":\"2\",\"grid_medium\":\"\",\"title_element\":\"h5\",\"meta_style\":\"\",\"meta_align\":\"below-title\",\"icon_ratio\":4,\"image_align\":\"top\",\"image_grid_width\":\"1-2\",\"link_text\":\"Kontakt\",\"link_style\":\"\",\"margin\":\"default\",\"maxwidth\":\"xlarge\",\"meta_margin\":\"remove\",\"grid_small\":\"3\",\"image_width\":\"280\",\"filter_style\":\"tab\",\"filter_all\":true,\"filter_position\":\"top\",\"filter_align\":\"left\",\"filter_grid_width\":\"auto\",\"image_svg_color\":\"emphasis\",\"item_animation\":\"\",\"grid_column_gap\":\"medium\",\"grid_row_gap\":\"medium\",\"filter_grid_breakpoint\":\"m\",\"image_grid_breakpoint\":\"m\",\"title_hover_style\":\"reset\",\"title_align\":\"top\",\"title_grid_width\":\"1-2\",\"title_grid_breakpoint\":\"m\",\"grid_large\":\"\",\"grid_xlarge\":\"\",\"filter_margin\":\"\",\"filter_grid_column_gap\":\"\",\"filter_grid_row_gap\":\"\",\"title_display\":\"\",\"content_display\":\"\",\"panel_style\":\"\",\"panel_content_padding\":\"\",\"panel_size\":\"\",\"item_maxwidth\":\"\",\"title_style\":\"\",\"title_decoration\":\"\",\"title_font_family\":\"\",\"title_color\":\"\",\"title_grid_column_gap\":\"\",\"title_grid_row_gap\":\"\",\"title_margin\":\"\",\"meta_color\":\"\",\"content_style\":\"\",\"content_margin\":\"\",\"image_transition\":\"\",\"image_border\":\"\",\"image_box_shadow\":\"\",\"image_hover_box_shadow\":\"\",\"image_box_decoration\":\"\",\"icon_color\":\"\",\"image_grid_column_gap\":\"\",\"image_grid_row_gap\":\"\",\"image_margin\":\"\",\"link_type\":\"\",\"link_size\":\"\",\"link_margin\":\"\",\"position\":\"\",\"position_z_index\":\"\",\"maxwidth_breakpoint\":\"\",\"block_align\":\"\",\"block_align_breakpoint\":\"\",\"block_align_fallback\":\"\",\"text_align\":\"\",\"text_align_breakpoint\":\"\",\"text_align_fallback\":\"\",\"visibility\":\"\"},\"children\":[{\"name\":\"\",\"type\":\"grid_item\",\"props\":{\"image\":\"wp-content\\\/uploads\\\/60F0D9CD-CF0D-4164-B98F-747DB2140183.jpeg\",\"title\":\"Dr. Alfred Braun\",\"meta\":\"Rechtsanwalt\",\"link\":\"index.php?page_id=24\"}}]}]}]}]}],\"props\":[],\"version\":\"1.22.7\"} --><\/p>\n","protected":false},"excerpt":{"rendered":"<p>Kompetente Beratung Die pers\u00f6nliche, engagierte und kompetente Betreuung der Mandate und Mandanten steht f\u00fcr mich im Mittelpunkt. T\u00e4tigkeitsgebiete (insbesondere) Arztrecht Zivilrechtliche und strafrechtliche Haftung Vertrags- und Gesellschaftsrecht der Heilberufe Kassenarztrecht \u00c4rztliches Berufsrecht Read more Baurecht Bauvertr\u00e4ge, Bautr\u00e4ger, VOB\/B Vergaberecht, Ausschreibungen Architekten- und Ingenieurrecht \u00d6ffentliches Baurecht (s. auch Verwaltungsrecht) \u00a0 Read more Erbrecht Testamentsrecht, Testamentsvollstrecker Erbvertragsrecht, [&hellip;]<\/p>\n","protected":false},"author":1,"featured_media":0,"parent":0,"menu_order":11,"comment_status":"closed","ping_status":"closed","template":"","meta":[],"_links":{"self":[{"href":"https:\/\/drbraun.org\/index.php?rest_route=\/wp\/v2\/pages\/22"}],"collection":[{"href":"https:\/\/drbraun.org\/index.php?rest_route=\/wp\/v2\/pages"}],"about":[{"href":"https:\/\/drbraun.org\/index.php?rest_route=\/wp\/v2\/types\/page"}],"author":[{"embeddable":true,"href":"https:\/\/drbraun.org\/index.php?rest_route=\/wp\/v2\/users\/1"}],"replies":[{"embeddable":true,"href":"https:\/\/drbraun.org\/index.php?rest_route=%2Fwp%2Fv2%2Fcomments&post=22"}],"version-history":[{"count":52,"href":"https:\/\/drbraun.org\/index.php?rest_route=\/wp\/v2\/pages\/22\/revisions"}],"predecessor-version":[{"id":606,"href":"https:\/\/drbraun.org\/index.php?rest_route=\/wp\/v2\/pages\/22\/revisions\/606"}],"wp:attachment":[{"href":"https:\/\/drbraun.org\/index.php?rest_route=%2Fwp%2Fv2%2Fmedia&parent=22"}],"curies":[{"name":"wp","href":"https:\/\/api.w.org\/{rel}","templated":true}]}}