{"id":24,"date":"2017-08-17T07:42:56","date_gmt":"2017-08-17T07:42:56","guid":{"rendered":"http:\/\/localhost\/Themes\/2017\/Vision\/Website_WP\/index.php\/contact\/"},"modified":"2022-06-12T17:33:44","modified_gmt":"2022-06-12T17:33:44","slug":"contact","status":"publish","type":"page","link":"https:\/\/drbraun.org\/?page_id=24","title":{"rendered":"Contact"},"content":{"rendered":"<h1>Meine Kanzlei finden Sie gut erreichbar in M\u00fcnchen Schwabing. <\/p>\n<p>Rufen Sie mich einfach an oder schreiben Sie eine E-Mail.<\/h1>\n<div>\n<div>\n<p>Leopoldstra\u00dfe 244<br \/>80807 M\u00fcnchen<\/p>\n<p>Telefon: 089\/20 80 39 418<\/p>\n<p>Mobil: 0173\/955 63 88<\/p>\n<p>Telefax: 089\/20 80 39 419<\/p>\n<p>E-Mail: <a href=\"mailto:kanzlei@drbraun.org\">kanzlei@drbraun.org<\/a><\/p>\n<p>Internet: <a href=\"http:\/\/www.drbraun.org\" target=\"_blank\" rel=\"noopener\">www.drbraun.org<\/a><\/p>\n<\/div>\n<\/div>\n<div>\n<h3>Anfahrt<\/h3>\n<div>\n<p>Die Kanzlei befindet sich in M\u00fcnchen Schwabing, in einer verkehrsg\u00fcnstigen Lage zur M\u00fcnchener City.<\/p>\n<ul>\n<li>Nur 20 Minuten vom Flughafen und vom Hauptbahnhof<\/li>\n<li>Unmittelbare N\u00e4he zum Mittleren Ring \u2013 Zufahrt von allen wichtigen Autobahnen\u00a0<\/li>\n<li>Parkpl\u00e4tze sind bei Bedarf im Haus vorhanden<\/li>\n<\/ul>\n<p>Scrollen Sie in der Karte f\u00fcr eine vergr\u00f6\u00dferte Ansicht.<\/p>\n<\/div>\n<\/div>\n<ul>\n<li>\n<h3>Dr. Alfred Braun | M\u00fcnchen<\/h3>\n<div>\n<p>Leopoldstra\u00dfe 244<br \/>80807 M\u00fcnchen<\/p>\n<\/div>\n<p>48.1805,11.5854<\/p>\n<\/li>\n<li>\n<p>51.3031,10.3491<\/p>\n<\/li>\n<\/ul>\n<ul>\n<li>\n<p><a href=\"mailto:someone@example.com\"><\/p>\n<p><a href=\"mailto:kanzlei@drbraun.org\">kanzlei@drbraun.org<\/a><\/p>\n<p><\/a><\/p>\n<\/li>\n<li>\n<p><a href=\"tel:+44 555 00 00 15\"><\/p>\n<p>+ 49 173 955 63 88 <\/p>\n<p><\/a><\/p>\n<\/li>\n<\/ul>\n<p><!-- {\"name\":\"\",\"type\":\"layout\",\"children\":[{\"name\":\"\",\"type\":\"section\",\"props\":{\"style\":\"default\",\"width\":\"default\",\"vertical_align\":\"middle\",\"title_position\":\"top-left\",\"title_rotation\":\"left\",\"title_breakpoint\":\"xl\",\"image_position\":\"center-center\",\"padding\":\"large\",\"padding_remove_bottom\":true,\"animation\":\"\",\"animation_delay\":false,\"image_effect\":\"\",\"text_color\":\"\",\"width_expand\":\"\",\"height\":\"\",\"header_transparent\":\"\"},\"children\":[{\"name\":\"\",\"type\":\"row\",\"props\":{\"fixed_width\":\"large\",\"breakpoint\":\"m\",\"layout\":\",\",\"column_gap\":\"\",\"row_gap\":\"\",\"width\":\"\",\"width_expand\":\"\",\"height\":\"\",\"margin\":\"\"},\"children\":[{\"name\":\"\",\"type\":\"column\",\"props\":{\"image_position\":\"center-center\",\"media_overlay_gradient\":\"\",\"vertical_align\":\"\",\"style\":\"\",\"text_color\":\"\",\"padding\":\"\",\"image\":\"wp-content\\\/uploads\\\/metro-1413667_1920.jpg\",\"image_size\":\"cover\",\"image_effect\":\"\",\"image_parallax_breakpoint\":\"\",\"image_visibility\":\"\",\"media_blend_mode\":\"\"},\"children\":[]},{\"type\":\"column\",\"props\":{\"image_position\":\"center-center\",\"media_overlay_gradient\":\"\",\"vertical_align\":\"\",\"style\":\"\",\"text_color\":\"\",\"padding\":\"\"},\"children\":[{\"name\":\"\",\"type\":\"headline\",\"props\":{\"title_element\":\"h1\",\"content\":\"Meine Kanzlei finden Sie gut erreichbar in M\\u00fcnchen Schwabing. <br \\\/><br \\\/>Rufen Sie mich einfach an oder schreiben Sie eine E-Mail.\",\"maxwidth\":\"xlarge\",\"title_style\":\"h2\",\"text_align\":\"left\",\"text_align_breakpoint\":\"s\",\"text_align_fallback\":\"center\",\"title_decoration\":\"\",\"title_font_family\":\"\",\"title_color\":\"\",\"position\":\"\",\"position_z_index\":\"\",\"margin\":\"\",\"maxwidth_breakpoint\":\"\",\"block_align\":\"\",\"block_align_breakpoint\":\"\",\"block_align_fallback\":\"\",\"animation\":\"\",\"visibility\":\"\"}}]}]},{\"name\":\"\",\"type\":\"row\",\"props\":{\"fixed_width\":\"large\",\"breakpoint\":\"m\",\"layout\":\"1-1\",\"margin\":\"large\",\"column_gap\":\"\",\"row_gap\":\"\",\"width\":\"\",\"width_expand\":\"\",\"height\":\"\",\"margin_remove_bottom\":true},\"children\":[{\"name\":\"\",\"type\":\"column\",\"props\":{\"image_position\":\"center-center\",\"media_overlay_gradient\":\"\"},\"children\":[{\"name\":\"\",\"type\":\"grid\",\"props\":{\"show_title\":true,\"show_meta\":true,\"show_content\":true,\"show_image\":true,\"show_link\":true,\"grid_default\":\"1\",\"grid_medium\":\"3\",\"title_element\":\"h2\",\"meta_style\":\"meta\",\"meta_align\":\"below-title\",\"icon_ratio\":4,\"image_align\":\"top\",\"image_grid_width\":\"1-2\",\"link_text\":\"Read more\",\"link_style\":\"default\",\"margin\":\"default\",\"grid_small\":\"2\",\"text_align\":\"left\",\"text_align_breakpoint\":\"s\",\"text_align_fallback\":\"center\",\"title_style\":\"h3\",\"grid_column_gap\":\"large\",\"grid_row_gap\":\"large\",\"image_grid_breakpoint\":\"m\",\"filter_style\":\"tab\",\"filter_all\":true,\"filter_position\":\"top\",\"filter_align\":\"left\",\"filter_grid_width\":\"auto\",\"filter_grid_breakpoint\":\"m\",\"title_hover_style\":\"reset\",\"title_align\":\"top\",\"title_grid_width\":\"1-2\",\"title_grid_breakpoint\":\"m\",\"image_svg_color\":\"emphasis\",\"item_animation\":\"\",\"grid_large\":\"\",\"grid_xlarge\":\"\",\"filter_margin\":\"\",\"filter_grid_column_gap\":\"\",\"filter_grid_row_gap\":\"\",\"title_display\":\"\",\"content_display\":\"\",\"panel_style\":\"\",\"panel_content_padding\":\"\",\"panel_size\":\"\",\"item_maxwidth\":\"\",\"title_decoration\":\"\",\"title_font_family\":\"\",\"title_color\":\"\",\"title_grid_column_gap\":\"\",\"title_grid_row_gap\":\"\",\"title_margin\":\"\",\"meta_color\":\"\",\"meta_margin\":\"\",\"content_style\":\"\",\"content_margin\":\"\",\"image_transition\":\"\",\"image_border\":\"\",\"image_box_shadow\":\"\",\"image_hover_box_shadow\":\"\",\"image_box_decoration\":\"\",\"icon_color\":\"\",\"image_grid_column_gap\":\"\",\"image_grid_row_gap\":\"\",\"image_margin\":\"\",\"link_type\":\"\",\"link_size\":\"\",\"link_margin\":\"\",\"position\":\"\",\"position_z_index\":\"\",\"maxwidth\":\"\",\"maxwidth_breakpoint\":\"\",\"block_align\":\"\",\"block_align_breakpoint\":\"\",\"block_align_fallback\":\"\",\"visibility\":\"\"},\"children\":[{\"name\":\"\",\"type\":\"grid_item\",\"props\":{\"content\":\"\n\n<p>Leopoldstra\\u00dfe 244<br \\\/>80807 M\\u00fcnchen<\\\/p>\\n\n\n<p>Telefon: 089\\\/20 80 39 418<\\\/p>\\n\n\n<p>Mobil: 0173\\\/955 63 88<\\\/p>\\n\n\n<p>Telefax: 089\\\/20 80 39 419<\\\/p>\\n\n\n<p>E-Mail: <a href=\\\"mailto:kanzlei@drbraun.org\\\">kanzlei@drbraun.org<\\\/a><\\\/p>\\n\n\n<p>Internet: <a href=\\\"http:\\\/\\\/www.drbraun.org\\\" target=\\\"_blank\\\" rel=\\\"noopener\\\">www.drbraun.org<\\\/a><\\\/p>\",\"title\":\"\",\"link\":\"\"}}]}]}]}]},{\"type\":\"section\",\"props\":{\"style\":\"default\",\"width\":\"default\",\"vertical_align\":\"middle\",\"title_position\":\"top-left\",\"title_rotation\":\"left\",\"title_breakpoint\":\"xl\",\"image_position\":\"center-center\",\"text_color\":\"\",\"width_expand\":\"\",\"height\":\"\",\"padding\":\"\",\"header_transparent\":\"\",\"animation\":\"\"},\"children\":[{\"type\":\"row\",\"props\":{\"layout\":\"1-1\",\"breakpoint\":\"m\",\"fixed_width\":\"large\",\"column_gap\":\"\",\"row_gap\":\"\",\"width\":\"\",\"width_expand\":\"\",\"height\":\"\",\"margin\":\"small\",\"margin_remove_top\":false,\"margin_remove_bottom\":false},\"children\":[{\"type\":\"column\",\"props\":{\"image_position\":\"center-center\",\"media_overlay_gradient\":\"\",\"vertical_align\":\"\",\"style\":\"\",\"text_color\":\"\",\"padding\":\"\"},\"children\":[{\"type\":\"panel\",\"props\":{\"link_text\":\"Read more\",\"title_hover_style\":\"reset\",\"title_element\":\"h3\",\"title_align\":\"top\",\"title_grid_width\":\"1-2\",\"title_grid_breakpoint\":\"m\",\"meta_style\":\"meta\",\"meta_align\":\"below-title\",\"icon_ratio\":4,\"image_align\":\"top\",\"image_grid_width\":\"1-2\",\"image_grid_breakpoint\":\"m\",\"image_svg_color\":\"emphasis\",\"link_style\":\"default\",\"margin\":\"default\",\"panel_style\":\"\",\"panel_content_padding\":\"\",\"panel_size\":\"\",\"title_style\":\"\",\"title_decoration\":\"\",\"title_font_family\":\"\",\"title_color\":\"\",\"title_grid_column_gap\":\"\",\"title_grid_row_gap\":\"\",\"title_margin\":\"\",\"meta_color\":\"\",\"meta_margin\":\"\",\"content_style\":\"\",\"content_margin\":\"\",\"image_transition\":\"\",\"image_border\":\"\",\"image_box_shadow\":\"\",\"image_hover_box_shadow\":\"\",\"image_box_decoration\":\"\",\"icon_color\":\"\",\"image_grid_column_gap\":\"\",\"image_grid_row_gap\":\"\",\"image_margin\":\"\",\"link_type\":\"\",\"link_size\":\"\",\"link_margin\":\"\",\"position\":\"\",\"position_z_index\":\"\",\"maxwidth\":\"\",\"maxwidth_breakpoint\":\"\",\"block_align\":\"\",\"block_align_breakpoint\":\"\",\"block_align_fallback\":\"\",\"text_align\":\"\",\"text_align_breakpoint\":\"\",\"text_align_fallback\":\"\",\"animation\":\"\",\"visibility\":\"\",\"title\":\"Anfahrt\",\"content\":\"\n\n<p>Die Kanzlei befindet sich in M\\u00fcnchen Schwabing, in einer verkehrsg\\u00fcnstigen Lage zur M\\u00fcnchener City.<\\\/p>\\n\n\n<ul>\\n\n\n<li>Nur 20 Minuten vom Flughafen und vom Hauptbahnhof<\\\/li>\\n\n\n<li>Unmittelbare N\\u00e4he zum Mittleren Ring \\u2013 Zufahrt von allen wichtigen Autobahnen\\u00a0<\\\/li>\\n\n\n<li>Parkpl\\u00e4tze sind bei Bedarf im Haus vorhanden<\\\/li>\\n<\\\/ul>\\n\n\n<p>Scrollen Sie in der Karte f\\u00fcr eine vergr\\u00f6\\u00dferte Ansicht.<\\\/p>\",\"margin_remove_bottom\":true}}]}]}]},{\"name\":\"\",\"type\":\"section\",\"props\":{\"style\":\"default\",\"width\":\"\",\"vertical_align\":\"middle\",\"title_position\":\"top-left\",\"title_rotation\":\"left\",\"title_breakpoint\":\"xl\",\"image_position\":\"center-center\",\"padding_remove_top\":false,\"padding_remove_bottom\":true,\"padding\":\"large\",\"image_effect\":\"\"},\"children\":[{\"name\":\"\",\"type\":\"row\",\"props\":{\"fixed_width\":\"large\",\"breakpoint\":\"m\",\"layout\":\"1-1\",\"width\":\"\",\"margin\":\"small\",\"vertical_align\":true,\"height\":\"\",\"column_gap\":\"large\",\"row_gap\":\"large\"},\"children\":[{\"name\":\"\",\"type\":\"column\",\"props\":{\"image_position\":\"center-center\",\"vertical_align\":\"\",\"style\":\"\",\"text_color\":\"\",\"padding\":\"\",\"media_overlay_gradient\":\"\"},\"children\":[{\"name\":\"\",\"type\":\"map\",\"props\":{\"show_title\":true,\"type\":\"roadmap\",\"zoom\":\"14\",\"controls\":true,\"zooming\":true,\"dragging\":true,\"maxwidth\":\"\",\"styler_hue\":null,\"height\":\"620\",\"styler_lightness\":39,\"styler_invert_lightness\":false,\"styler_saturation\":-100,\"styler_gamma\":2,\"css\":\"\",\"position\":\"\",\"position_z_index\":\"\",\"margin\":\"\",\"maxwidth_breakpoint\":\"\",\"block_align\":\"\",\"block_align_breakpoint\":\"\",\"block_align_fallback\":\"\",\"animation\":\"\",\"visibility\":\"\",\"margin_remove_top\":false},\"children\":[{\"name\":\"\",\"type\":\"map_marker\",\"props\":{\"location\":\"48.1805,11.5854\",\"title\":\"Dr. Alfred Braun | M\\u00fcnchen\",\"show_popup\":false,\"content\":\"\n\n<p>Leopoldstra\\u00dfe 244<br \\\/>80807 M\\u00fcnchen<\\\/p>\"}},{\"type\":\"map_marker\",\"props\":{\"location\":\"51.3031,10.3491\"}}]}]}]}]},{\"name\":\"\",\"type\":\"section\",\"props\":{\"style\":\"default\",\"width\":\"default\",\"vertical_align\":\"middle\",\"title_position\":\"top-left\",\"title_rotation\":\"left\",\"title_breakpoint\":\"xl\",\"image_position\":\"center-left\",\"padding\":\"large\",\"image\":\"\",\"image_effect\":\"\"},\"children\":[{\"name\":\"\",\"type\":\"row\",\"props\":{\"fixed_width\":\"large\",\"breakpoint\":\"m\",\"layout\":\",\",\"vertical_align\":false,\"margin\":\"\",\"column_gap\":\"large\",\"row_gap\":\"large\"},\"children\":[{\"name\":\"\",\"type\":\"column\",\"props\":{\"image_position\":\"center-center\",\"media_overlay_gradient\":\"\"},\"children\":[{\"name\":\"\",\"type\":\"list\",\"props\":{\"show_image\":true,\"show_link\":true,\"image_align\":\"left\",\"content_style\":\"h3\",\"link_style\":\"text\",\"text_align\":\"left\",\"maxwidth\":\"large\",\"item_maxwidth\":\"\",\"block_align\":\"\",\"image_svg_color\":\"emphasis\",\"image_vertical_align\":true,\"list_style\":\"\",\"image_border\":\"\",\"icon_color\":\"\",\"position\":\"\",\"position_z_index\":\"\",\"margin\":\"\",\"maxwidth_breakpoint\":\"\",\"block_align_breakpoint\":\"\",\"block_align_fallback\":\"\",\"text_align_breakpoint\":\"\",\"text_align_fallback\":\"\",\"animation\":\"\",\"visibility\":\"\"},\"children\":[{\"name\":\"\",\"type\":\"list_item\",\"props\":{\"content\":\"\n\n<p><a href=\\\"mailto:kanzlei@drbraun.org\\\">kanzlei@drbraun.org<\\\/a><\\\/p>\",\"link\":\"mailto:someone@example.com\",\"icon_color\":\"\"}},{\"name\":\"\",\"type\":\"list_item\",\"props\":{\"content\":\"\n\n<p>+ 49 173 955 63 88 <\\\/p>\",\"link\":\"tel:+44 555 00 00 15\",\"icon_color\":\"\"}}]},{\"name\":\"\",\"type\":\"text\",\"props\":{\"margin\":\"\",\"column_breakpoint\":\"m\",\"content\":\"\",\"text_align\":\"left\",\"text_size\":\"\",\"text_color\":\"muted\",\"text_style\":\"\",\"maxwidth\":\"large\",\"block_align\":\"\",\"column\":\"\",\"position\":\"\",\"position_z_index\":\"\",\"maxwidth_breakpoint\":\"\",\"block_align_breakpoint\":\"\",\"block_align_fallback\":\"\",\"text_align_breakpoint\":\"\",\"text_align_fallback\":\"\",\"animation\":\"\",\"visibility\":\"\"}}]},{\"name\":\"\",\"type\":\"column\",\"props\":{\"image_position\":\"center-center\",\"media_overlay_gradient\":\"\"},\"children\":[]}]}]}],\"props\":[],\"version\":\"1.22.7\"} --><\/p>\n","protected":false},"excerpt":{"rendered":"<p>Meine Kanzlei finden Sie gut erreichbar in M\u00fcnchen Schwabing. Rufen Sie mich einfach an oder schreiben Sie eine E-Mail. Leopoldstra\u00dfe 24480807 M\u00fcnchen Telefon: 089\/20 80 39 418 Mobil: 0173\/955 63 88 Telefax: 089\/20 80 39 419 E-Mail: kanzlei@drbraun.org Internet: www.drbraun.org Anfahrt Die Kanzlei befindet sich in M\u00fcnchen Schwabing, in einer verkehrsg\u00fcnstigen Lage zur M\u00fcnchener City. [&hellip;]<\/p>\n","protected":false},"author":1,"featured_media":0,"parent":0,"menu_order":6,"comment_status":"closed","ping_status":"closed","template":"","meta":[],"_links":{"self":[{"href":"https:\/\/drbraun.org\/index.php?rest_route=\/wp\/v2\/pages\/24"}],"collection":[{"href":"https:\/\/drbraun.org\/index.php?rest_route=\/wp\/v2\/pages"}],"about":[{"href":"https:\/\/drbraun.org\/index.php?rest_route=\/wp\/v2\/types\/page"}],"author":[{"embeddable":true,"href":"https:\/\/drbraun.org\/index.php?rest_route=\/wp\/v2\/users\/1"}],"replies":[{"embeddable":true,"href":"https:\/\/drbraun.org\/index.php?rest_route=%2Fwp%2Fv2%2Fcomments&post=24"}],"version-history":[{"count":41,"href":"https:\/\/drbraun.org\/index.php?rest_route=\/wp\/v2\/pages\/24\/revisions"}],"predecessor-version":[{"id":621,"href":"https:\/\/drbraun.org\/index.php?rest_route=\/wp\/v2\/pages\/24\/revisions\/621"}],"wp:attachment":[{"href":"https:\/\/drbraun.org\/index.php?rest_route=%2Fwp%2Fv2%2Fmedia&parent=24"}],"curies":[{"name":"wp","href":"https:\/\/api.w.org\/{rel}","templated":true}]}}